{"id":20673,"date":"2021-07-21T17:45:55","date_gmt":"2021-07-21T17:45:55","guid":{"rendered":"https:\/\/www.luniglass.com\/puertas-de-paso\/"},"modified":"2023-05-05T11:01:10","modified_gmt":"2023-05-05T11:01:10","slug":"puertas-de-paso","status":"publish","type":"page","link":"https:\/\/www.luniglass.com\/de\/puertas-de-paso\/","title":{"rendered":"VERBINDUNGST\u00dcREN"},"content":{"rendered":"\t\t<div data-elementor-type=\"wp-page\" data-elementor-id=\"20673\" class=\"elementor elementor-20673\">\n\t\t\t\t\t\t<section class=\"elementor-section elementor-top-section elementor-element elementor-element-3129b53 elementor-section-full_width elementor-section-height-full elementor-section-height-default elementor-section-items-middle\" data-id=\"3129b53\" data-element_type=\"section\" data-settings=\"{&quot;background_background&quot;:&quot;classic&quot;}\">\n\t\t\t\t\t\t\t<div class=\"elementor-background-overlay\"><\/div>\n\t\t\t\t\t\t\t<div class=\"elementor-container elementor-column-gap-custom\">\n\t\t\t\t\t<div class=\"elementor-column elementor-col-100 elementor-top-column elementor-element elementor-element-a181529\" data-id=\"a181529\" data-element_type=\"column\">\n\t\t\t<div class=\"elementor-widget-wrap elementor-element-populated\">\n\t\t\t\t\t\t<section class=\"elementor-section elementor-inner-section elementor-element elementor-element-7c026f2 elementor-section-boxed elementor-section-height-default elementor-section-height-default\" data-id=\"7c026f2\" data-element_type=\"section\">\n\t\t\t\t\t\t<div class=\"elementor-container elementor-column-gap-default\">\n\t\t\t\t\t\t<\/div>\n\t\t<\/section>\n\t\t\t\t\t<\/div>\n\t\t<\/div>\n\t\t\t\t\t<\/div>\n\t\t<\/section>\n\t\t\t\t<section class=\"elementor-section elementor-top-section elementor-element elementor-element-12380a8 elementor-section-boxed elementor-section-height-default elementor-section-height-default\" data-id=\"12380a8\" data-element_type=\"section\">\n\t\t\t\t\t\t<div class=\"elementor-container elementor-column-gap-default\">\n\t\t\t\t\t<div class=\"elementor-column elementor-col-100 elementor-top-column elementor-element elementor-element-a256016\" data-id=\"a256016\" data-element_type=\"column\">\n\t\t\t<div class=\"elementor-widget-wrap elementor-element-populated\">\n\t\t\t\t\t\t<div class=\"elementor-element elementor-element-4e1bedb elementor-widget elementor-widget-heading\" data-id=\"4e1bedb\" data-element_type=\"widget\" data-widget_type=\"heading.default\">\n\t\t\t\t<div class=\"elementor-widget-container\">\n\t\t\t\t\t<h1 class=\"elementor-heading-title elementor-size-default\">VERBINDUNGST\u00dcREN<\/h1>\t\t\t\t<\/div>\n\t\t\t\t<\/div>\n\t\t\t\t<div class=\"elementor-element elementor-element-df7bdd3 elementor-widget elementor-widget-text-editor\" data-id=\"df7bdd3\" data-element_type=\"widget\" data-widget_type=\"text-editor.default\">\n\t\t\t\t<div class=\"elementor-widget-container\">\n\t\t\t\t\t\t\t\t\t<p><strong>Die Verwendung von Glas in Verbindungst\u00fcren und f\u00fcr Raumtrenner bietet die M\u00f6glichkeit, im Vergleich zu traditionellen T\u00fcren ein helleres und freundlicheres Raumklima zu schaffen.<\/strong><\/p><p><br \/>Architekten entscheiden sich immer \u00f6fters f\u00fcr den Einsatz von Glaselementen, um die psychologischen Vorteile zu nutzen, die das Glas bietet. Somit k\u00f6nnen sie uns offenere und zug\u00e4nglichere R\u00e4ume erm\u00f6glichen, in denen das Licht eine besondere Rolle spielt. Es \u00fcberwindet Barrieren und optimiert die Umgebung von R\u00e4umen. Diese wirken dadurch heller und freundlicher, ohne dabei die Privatsph\u00e4re zu vernachl\u00e4ssigen, die ein geschlossener Raum ben\u00f6tigt.<\/p><p>\u00a0<\/p>\t\t\t\t\t\t\t\t<\/div>\n\t\t\t\t<\/div>\n\t\t\t\t<div class=\"elementor-element elementor-element-6484000 elementor-widget-divider--view-line elementor-widget elementor-widget-divider\" data-id=\"6484000\" data-element_type=\"widget\" data-widget_type=\"divider.default\">\n\t\t\t\t<div class=\"elementor-widget-container\">\n\t\t\t\t\t\t\t<div class=\"elementor-divider\">\n\t\t\t<span class=\"elementor-divider-separator\">\n\t\t\t\t\t\t<\/span>\n\t\t<\/div>\n\t\t\t\t\t\t<\/div>\n\t\t\t\t<\/div>\n\t\t\t\t<div class=\"elementor-element elementor-element-2f1223d elementor-widget elementor-widget-text-editor\" data-id=\"2f1223d\" data-element_type=\"widget\" data-widget_type=\"text-editor.default\">\n\t\t\t\t<div class=\"elementor-widget-container\">\n\t\t\t\t\t\t\t\t\t<p>Was die Typologie betrifft, bezieht man sich bei DURITIA BANY by LUNIGLASS auf Dreht\u00fcren mit 1 oder 2 Fl\u00fcgeln, Pivot T\u00fcren, Schiebet\u00fcren (mit denen Sie die \u00d6ffnung des Zugangs zu einem Raum maximal optimieren k\u00f6nnen). Letztere mit sichtbaren F\u00fchrungsschienen und Rahmen oder diese verdeckt, wenn Sie Minimalismus, Eleganz und Modernit\u00e4t in nur einem einzigen Element suchen.<\/p>\t\t\t\t\t\t\t\t<\/div>\n\t\t\t\t<\/div>\n\t\t\t\t<div class=\"elementor-element elementor-element-f61053a elementor-widget-divider--view-line elementor-widget elementor-widget-divider\" data-id=\"f61053a\" data-element_type=\"widget\" data-widget_type=\"divider.default\">\n\t\t\t\t<div class=\"elementor-widget-container\">\n\t\t\t\t\t\t\t<div class=\"elementor-divider\">\n\t\t\t<span class=\"elementor-divider-separator\">\n\t\t\t\t\t\t<\/span>\n\t\t<\/div>\n\t\t\t\t\t\t<\/div>\n\t\t\t\t<\/div>\n\t\t\t\t<div class=\"elementor-element elementor-element-cc4d8e1 elementor-widget elementor-widget-text-editor\" data-id=\"cc4d8e1\" data-element_type=\"widget\" data-widget_type=\"text-editor.default\">\n\t\t\t\t<div class=\"elementor-widget-container\">\n\t\t\t\t\t\t\t\t\t<p>Weitere Informationen finden Sie bei DURITIA BANY by LUNIGLASS<\/p>\t\t\t\t\t\t\t\t<\/div>\n\t\t\t\t<\/div>\n\t\t\t\t<div class=\"elementor-element elementor-element-99cae5b elementor-widget elementor-widget-image\" data-id=\"99cae5b\" data-element_type=\"widget\" data-widget_type=\"image.default\">\n\t\t\t\t<div class=\"elementor-widget-container\">\n\t\t\t\t\t\t\t\t\t\t\t\t\t\t\t\t<a href=\"https:\/\/www.duritia.es\/\" target=\"_blank\">\n\t\t\t\t\t\t\t<img decoding=\"async\" src=\"https:\/\/www.luniglass.com\/wp-content\/uploads\/elementor\/thumbs\/LOGO-DURITIA_LUNIGLASS-pagdjrs0oosmjc728dz5z4wukgb71fwv5n3mize6iu.jpg\" title=\"Imprimir\" alt=\"Imprimir\" loading=\"lazy\" \/>\t\t\t\t\t\t\t\t<\/a>\n\t\t\t\t\t\t\t\t\t\t\t\t\t\t\t<\/div>\n\t\t\t\t<\/div>\n\t\t\t\t\t<\/div>\n\t\t<\/div>\n\t\t\t\t\t<\/div>\n\t\t<\/section>\n\t\t\t\t<section class=\"elementor-section elementor-top-section elementor-element elementor-element-4e820dc elementor-section-boxed elementor-section-height-default elementor-section-height-default\" data-id=\"4e820dc\" data-element_type=\"section\">\n\t\t\t\t\t\t<div class=\"elementor-container elementor-column-gap-default\">\n\t\t\t\t\t<div class=\"elementor-column elementor-col-100 elementor-top-column elementor-element elementor-element-787909f\" data-id=\"787909f\" data-element_type=\"column\">\n\t\t\t<div class=\"elementor-widget-wrap elementor-element-populated\">\n\t\t\t\t\t\t<div class=\"elementor-element elementor-element-2672742 elementor-widget elementor-widget-gallery\" data-id=\"2672742\" data-element_type=\"widget\" data-settings=\"{&quot;gallery_layout&quot;:&quot;justified&quot;,&quot;ideal_row_height&quot;:{&quot;unit&quot;:&quot;px&quot;,&quot;size&quot;:288,&quot;sizes&quot;:[]},&quot;_animation_mobile&quot;:&quot;none&quot;,&quot;lazyload&quot;:&quot;yes&quot;,&quot;ideal_row_height_tablet&quot;:{&quot;unit&quot;:&quot;px&quot;,&quot;size&quot;:150,&quot;sizes&quot;:[]},&quot;ideal_row_height_mobile&quot;:{&quot;unit&quot;:&quot;px&quot;,&quot;size&quot;:150,&quot;sizes&quot;:[]},&quot;gap&quot;:{&quot;unit&quot;:&quot;px&quot;,&quot;size&quot;:10,&quot;sizes&quot;:[]},&quot;gap_tablet&quot;:{&quot;unit&quot;:&quot;px&quot;,&quot;size&quot;:10,&quot;sizes&quot;:[]},&quot;gap_mobile&quot;:{&quot;unit&quot;:&quot;px&quot;,&quot;size&quot;:10,&quot;sizes&quot;:[]},&quot;link_to&quot;:&quot;file&quot;}\" data-widget_type=\"gallery.default\">\n\t\t\t\t<div class=\"elementor-widget-container\">\n\t\t\t\t\t\t\t<div class=\"elementor-gallery__container\">\n\t\t\t\t\t\t\t<a class=\"e-gallery-item elementor-gallery-item\" href=\"https:\/\/www.luniglass.com\/wp-content\/uploads\/2021\/07\/SEPARACION-ESTANCIAS-3-copia-scaled.jpg\" data-elementor-open-lightbox=\"yes\" data-elementor-lightbox-slideshow=\"all-2672742\" data-elementor-lightbox-title=\"SEPARACI\u00d3N ESTANCIAS 3 copia\" data-e-action-hash=\"#elementor-action%3Aaction%3Dlightbox%26settings%3DeyJpZCI6MTkxODQsInVybCI6Imh0dHBzOlwvXC93d3cubHVuaWdsYXNzLmNvbVwvd3AtY29udGVudFwvdXBsb2Fkc1wvMjAyMVwvMDdcL1NFUEFSQUNJT04tRVNUQU5DSUFTLTMtY29waWEtc2NhbGVkLmpwZyIsInNsaWRlc2hvdyI6ImFsbC0yNjcyNzQyIn0%3D\">\n\t\t\t\t\t<div class=\"e-gallery-image elementor-gallery-item__image\" data-thumbnail=\"https:\/\/www.luniglass.com\/wp-content\/uploads\/2021\/07\/SEPARACION-ESTANCIAS-3-copia-1024x573.jpg\" data-width=\"800\" data-height=\"448\" alt=\"\" ><\/div>\n\t\t\t\t\t\t\t\t\t\t\t\t\t\t<\/a>\n\t\t\t\t\t\t\t<a class=\"e-gallery-item elementor-gallery-item\" href=\"https:\/\/www.luniglass.com\/wp-content\/uploads\/2021\/07\/INFINITY_01-copia-scaled.jpg\" data-elementor-open-lightbox=\"yes\" data-elementor-lightbox-slideshow=\"all-2672742\" data-elementor-lightbox-title=\"INFINITY_01 copia\" data-e-action-hash=\"#elementor-action%3Aaction%3Dlightbox%26settings%3DeyJpZCI6MTkxODEsInVybCI6Imh0dHBzOlwvXC93d3cubHVuaWdsYXNzLmNvbVwvd3AtY29udGVudFwvdXBsb2Fkc1wvMjAyMVwvMDdcL0lORklOSVRZXzAxLWNvcGlhLXNjYWxlZC5qcGciLCJzbGlkZXNob3ciOiJhbGwtMjY3Mjc0MiJ9\">\n\t\t\t\t\t<div class=\"e-gallery-image elementor-gallery-item__image\" data-thumbnail=\"https:\/\/www.luniglass.com\/wp-content\/uploads\/2021\/07\/INFINITY_01-copia-1024x675.jpg\" data-width=\"800\" data-height=\"527\" alt=\"\" ><\/div>\n\t\t\t\t\t\t\t\t\t\t\t\t\t\t<\/a>\n\t\t\t\t\t\t\t<a class=\"e-gallery-item elementor-gallery-item\" href=\"https:\/\/www.luniglass.com\/wp-content\/uploads\/2021\/07\/ELEGANCE_02-copia-scaled.jpg\" data-elementor-open-lightbox=\"yes\" data-elementor-lightbox-slideshow=\"all-2672742\" data-elementor-lightbox-title=\"ELEGANCE_02 copia\" data-e-action-hash=\"#elementor-action%3Aaction%3Dlightbox%26settings%3DeyJpZCI6MTkxODAsInVybCI6Imh0dHBzOlwvXC93d3cubHVuaWdsYXNzLmNvbVwvd3AtY29udGVudFwvdXBsb2Fkc1wvMjAyMVwvMDdcL0VMRUdBTkNFXzAyLWNvcGlhLXNjYWxlZC5qcGciLCJzbGlkZXNob3ciOiJhbGwtMjY3Mjc0MiJ9\">\n\t\t\t\t\t<div class=\"e-gallery-image elementor-gallery-item__image\" data-thumbnail=\"https:\/\/www.luniglass.com\/wp-content\/uploads\/2021\/07\/ELEGANCE_02-copia-1024x669.jpg\" data-width=\"800\" data-height=\"523\" alt=\"\" ><\/div>\n\t\t\t\t\t\t\t\t\t\t\t\t\t\t<\/a>\n\t\t\t\t\t\t\t<a class=\"e-gallery-item elementor-gallery-item\" href=\"https:\/\/www.luniglass.com\/wp-content\/uploads\/2021\/07\/ELEGANCE_01-copia-scaled.jpg\" data-elementor-open-lightbox=\"yes\" data-elementor-lightbox-slideshow=\"all-2672742\" data-elementor-lightbox-title=\"ELEGANCE_01 copia\" data-e-action-hash=\"#elementor-action%3Aaction%3Dlightbox%26settings%3DeyJpZCI6MTkxNzksInVybCI6Imh0dHBzOlwvXC93d3cubHVuaWdsYXNzLmNvbVwvd3AtY29udGVudFwvdXBsb2Fkc1wvMjAyMVwvMDdcL0VMRUdBTkNFXzAxLWNvcGlhLXNjYWxlZC5qcGciLCJzbGlkZXNob3ciOiJhbGwtMjY3Mjc0MiJ9\">\n\t\t\t\t\t<div class=\"e-gallery-image elementor-gallery-item__image\" data-thumbnail=\"https:\/\/www.luniglass.com\/wp-content\/uploads\/2021\/07\/ELEGANCE_01-copia-1024x673.jpg\" data-width=\"800\" data-height=\"526\" alt=\"\" ><\/div>\n\t\t\t\t\t\t\t\t\t\t\t\t\t\t<\/a>\n\t\t\t\t\t\t\t<a class=\"e-gallery-item elementor-gallery-item\" href=\"https:\/\/www.luniglass.com\/wp-content\/uploads\/2021\/07\/CASONETO_02-copia-scaled.jpg\" data-elementor-open-lightbox=\"yes\" data-elementor-lightbox-slideshow=\"all-2672742\" data-elementor-lightbox-title=\"CASONETO_02 copia\" data-e-action-hash=\"#elementor-action%3Aaction%3Dlightbox%26settings%3DeyJpZCI6MTkxNzgsInVybCI6Imh0dHBzOlwvXC93d3cubHVuaWdsYXNzLmNvbVwvd3AtY29udGVudFwvdXBsb2Fkc1wvMjAyMVwvMDdcL0NBU09ORVRPXzAyLWNvcGlhLXNjYWxlZC5qcGciLCJzbGlkZXNob3ciOiJhbGwtMjY3Mjc0MiJ9\">\n\t\t\t\t\t<div class=\"e-gallery-image elementor-gallery-item__image\" data-thumbnail=\"https:\/\/www.luniglass.com\/wp-content\/uploads\/2021\/07\/CASONETO_02-copia-1024x644.jpg\" data-width=\"800\" data-height=\"503\" alt=\"\" ><\/div>\n\t\t\t\t\t\t\t\t\t\t\t\t\t\t<\/a>\n\t\t\t\t\t\t\t<a class=\"e-gallery-item elementor-gallery-item\" href=\"https:\/\/www.luniglass.com\/wp-content\/uploads\/2021\/07\/CASONETO_01-copia-scaled.jpg\" data-elementor-open-lightbox=\"yes\" data-elementor-lightbox-slideshow=\"all-2672742\" data-elementor-lightbox-title=\"CASONETO_01 copia\" data-e-action-hash=\"#elementor-action%3Aaction%3Dlightbox%26settings%3DeyJpZCI6MTkxNzcsInVybCI6Imh0dHBzOlwvXC93d3cubHVuaWdsYXNzLmNvbVwvd3AtY29udGVudFwvdXBsb2Fkc1wvMjAyMVwvMDdcL0NBU09ORVRPXzAxLWNvcGlhLXNjYWxlZC5qcGciLCJzbGlkZXNob3ciOiJhbGwtMjY3Mjc0MiJ9\">\n\t\t\t\t\t<div class=\"e-gallery-image elementor-gallery-item__image\" data-thumbnail=\"https:\/\/www.luniglass.com\/wp-content\/uploads\/2021\/07\/CASONETO_01-copia-1024x672.jpg\" data-width=\"800\" data-height=\"525\" alt=\"\" ><\/div>\n\t\t\t\t\t\t\t\t\t\t\t\t\t\t<\/a>\n\t\t\t\t\t\t\t<a class=\"e-gallery-item elementor-gallery-item\" href=\"https:\/\/www.luniglass.com\/wp-content\/uploads\/2021\/07\/UNIVERSAL-MOTION-copia-scaled.jpg\" data-elementor-open-lightbox=\"yes\" data-elementor-lightbox-slideshow=\"all-2672742\" data-elementor-lightbox-title=\"UNIVERSAL MOTION copia\" data-e-action-hash=\"#elementor-action%3Aaction%3Dlightbox%26settings%3DeyJpZCI6MTkxODUsInVybCI6Imh0dHBzOlwvXC93d3cubHVuaWdsYXNzLmNvbVwvd3AtY29udGVudFwvdXBsb2Fkc1wvMjAyMVwvMDdcL1VOSVZFUlNBTC1NT1RJT04tY29waWEtc2NhbGVkLmpwZyIsInNsaWRlc2hvdyI6ImFsbC0yNjcyNzQyIn0%3D\">\n\t\t\t\t\t<div class=\"e-gallery-image elementor-gallery-item__image\" data-thumbnail=\"https:\/\/www.luniglass.com\/wp-content\/uploads\/2021\/07\/UNIVERSAL-MOTION-copia-1024x763.jpg\" data-width=\"800\" data-height=\"596\" alt=\"\" ><\/div>\n\t\t\t\t\t\t\t\t\t\t\t\t\t\t<\/a>\n\t\t\t\t\t<\/div>\n\t\t\t\t\t<\/div>\n\t\t\t\t<\/div>\n\t\t\t\t<div class=\"elementor-element elementor-element-c1f4bf2 elementor-widget elementor-widget-image\" data-id=\"c1f4bf2\" data-element_type=\"widget\" data-widget_type=\"image.default\">\n\t\t\t\t<div class=\"elementor-widget-container\">\n\t\t\t\t\t\t\t\t\t\t\t\t\t\t\t<img fetchpriority=\"high\" decoding=\"async\" width=\"2560\" height=\"843\" src=\"https:\/\/www.luniglass.com\/wp-content\/uploads\/2021\/07\/SEPARACION-ESTANCIAS-2-copia-scaled.jpg\" class=\"attachment-full size-full wp-image-19183\" alt=\"\" srcset=\"https:\/\/www.luniglass.com\/wp-content\/uploads\/2021\/07\/SEPARACION-ESTANCIAS-2-copia-scaled.jpg 2560w, https:\/\/www.luniglass.com\/wp-content\/uploads\/2021\/07\/SEPARACION-ESTANCIAS-2-copia-300x99.jpg 300w, https:\/\/www.luniglass.com\/wp-content\/uploads\/2021\/07\/SEPARACION-ESTANCIAS-2-copia-1024x337.jpg 1024w, https:\/\/www.luniglass.com\/wp-content\/uploads\/2021\/07\/SEPARACION-ESTANCIAS-2-copia-768x253.jpg 768w, https:\/\/www.luniglass.com\/wp-content\/uploads\/2021\/07\/SEPARACION-ESTANCIAS-2-copia-1536x506.jpg 1536w, https:\/\/www.luniglass.com\/wp-content\/uploads\/2021\/07\/SEPARACION-ESTANCIAS-2-copia-2048x674.jpg 2048w\" sizes=\"(max-width: 2560px) 100vw, 2560px\" \/>\t\t\t\t\t\t\t\t\t\t\t\t\t\t\t<\/div>\n\t\t\t\t<\/div>\n\t\t\t\t<div class=\"elementor-element elementor-element-c631a52 elementor-widget elementor-widget-image\" data-id=\"c631a52\" data-element_type=\"widget\" data-widget_type=\"image.default\">\n\t\t\t\t<div class=\"elementor-widget-container\">\n\t\t\t\t\t\t\t\t\t\t\t\t\t\t\t<img decoding=\"async\" width=\"2560\" height=\"1290\" src=\"https:\/\/www.luniglass.com\/wp-content\/uploads\/2021\/07\/SEPARACION-ESTANCIAS-1-copia-scaled.jpg\" class=\"attachment-full size-full wp-image-19182\" alt=\"\" srcset=\"https:\/\/www.luniglass.com\/wp-content\/uploads\/2021\/07\/SEPARACION-ESTANCIAS-1-copia-scaled.jpg 2560w, https:\/\/www.luniglass.com\/wp-content\/uploads\/2021\/07\/SEPARACION-ESTANCIAS-1-copia-300x151.jpg 300w, https:\/\/www.luniglass.com\/wp-content\/uploads\/2021\/07\/SEPARACION-ESTANCIAS-1-copia-1024x516.jpg 1024w, https:\/\/www.luniglass.com\/wp-content\/uploads\/2021\/07\/SEPARACION-ESTANCIAS-1-copia-768x387.jpg 768w, https:\/\/www.luniglass.com\/wp-content\/uploads\/2021\/07\/SEPARACION-ESTANCIAS-1-copia-1536x774.jpg 1536w, https:\/\/www.luniglass.com\/wp-content\/uploads\/2021\/07\/SEPARACION-ESTANCIAS-1-copia-2048x1032.jpg 2048w\" sizes=\"(max-width: 2560px) 100vw, 2560px\" \/>\t\t\t\t\t\t\t\t\t\t\t\t\t\t\t<\/div>\n\t\t\t\t<\/div>\n\t\t\t\t\t<\/div>\n\t\t<\/div>\n\t\t\t\t\t<\/div>\n\t\t<\/section>\n\t\t\t\t<\/div>\n\t\t","protected":false},"excerpt":{"rendered":"<p>VERBINDUNGST\u00dcREN Die Verwendung von Glas in Verbindungst\u00fcren und f\u00fcr Raumtrenner bietet die M\u00f6glichkeit, im Vergleich zu traditionellen T\u00fcren ein helleres und freundlicheres Raumklima zu schaffen. Architekten entscheiden sich immer \u00f6fters f\u00fcr den Einsatz von Glaselementen, um die psychologischen Vorteile zu nutzen, die das Glas bietet. Somit k\u00f6nnen sie uns offenere und zug\u00e4nglichere R\u00e4ume erm\u00f6glichen, in [&hellip;]<\/p>\n","protected":false},"author":1,"featured_media":0,"parent":0,"menu_order":0,"comment_status":"closed","ping_status":"closed","template":"","meta":{"footnotes":""},"class_list":["post-20673","page","type-page","status-publish","hentry"],"_links":{"self":[{"href":"https:\/\/www.luniglass.com\/de\/wp-json\/wp\/v2\/pages\/20673","targetHints":{"allow":["GET"]}}],"collection":[{"href":"https:\/\/www.luniglass.com\/de\/wp-json\/wp\/v2\/pages"}],"about":[{"href":"https:\/\/www.luniglass.com\/de\/wp-json\/wp\/v2\/types\/page"}],"author":[{"embeddable":true,"href":"https:\/\/www.luniglass.com\/de\/wp-json\/wp\/v2\/users\/1"}],"replies":[{"embeddable":true,"href":"https:\/\/www.luniglass.com\/de\/wp-json\/wp\/v2\/comments?post=20673"}],"version-history":[{"count":3,"href":"https:\/\/www.luniglass.com\/de\/wp-json\/wp\/v2\/pages\/20673\/revisions"}],"predecessor-version":[{"id":22482,"href":"https:\/\/www.luniglass.com\/de\/wp-json\/wp\/v2\/pages\/20673\/revisions\/22482"}],"wp:attachment":[{"href":"https:\/\/www.luniglass.com\/de\/wp-json\/wp\/v2\/media?parent=20673"}],"curies":[{"name":"wp","href":"https:\/\/api.w.org\/{rel}","templated":true}]}}