{"id":20665,"date":"2021-07-21T17:45:47","date_gmt":"2021-07-21T17:45:47","guid":{"rendered":"https:\/\/www.luniglass.com\/contract-2\/"},"modified":"2022-04-12T20:26:52","modified_gmt":"2022-04-12T20:26:52","slug":"contract-2","status":"publish","type":"page","link":"https:\/\/www.luniglass.com\/de\/contract-2\/","title":{"rendered":"Contract"},"content":{"rendered":"\t\t<div data-elementor-type=\"wp-page\" data-elementor-id=\"20665\" class=\"elementor elementor-20665\">\n\t\t\t\t\t\t<section class=\"elementor-section elementor-top-section elementor-element elementor-element-587d1c5 elementor-section-full_width elementor-section-height-full elementor-section-height-default elementor-section-items-middle\" data-id=\"587d1c5\" data-element_type=\"section\" data-settings=\"{&quot;background_background&quot;:&quot;classic&quot;}\">\n\t\t\t\t\t\t\t<div class=\"elementor-background-overlay\"><\/div>\n\t\t\t\t\t\t\t<div class=\"elementor-container elementor-column-gap-custom\">\n\t\t\t\t\t<div class=\"elementor-column elementor-col-100 elementor-top-column elementor-element elementor-element-396ed8c\" data-id=\"396ed8c\" data-element_type=\"column\">\n\t\t\t<div class=\"elementor-widget-wrap\">\n\t\t\t\t\t\t\t<\/div>\n\t\t<\/div>\n\t\t\t\t\t<\/div>\n\t\t<\/section>\n\t\t\t\t<section class=\"elementor-section elementor-top-section elementor-element elementor-element-889baca elementor-section-boxed elementor-section-height-default elementor-section-height-default\" data-id=\"889baca\" data-element_type=\"section\">\n\t\t\t\t\t\t<div class=\"elementor-container elementor-column-gap-default\">\n\t\t\t\t\t<div class=\"elementor-column elementor-col-100 elementor-top-column elementor-element elementor-element-b91137a\" data-id=\"b91137a\" data-element_type=\"column\">\n\t\t\t<div class=\"elementor-widget-wrap elementor-element-populated\">\n\t\t\t\t\t\t<div class=\"elementor-element elementor-element-8eb5fdd elementor-widget elementor-widget-heading\" data-id=\"8eb5fdd\" data-element_type=\"widget\" data-widget_type=\"heading.default\">\n\t\t\t\t<div class=\"elementor-widget-container\">\n\t\t\t\t\t<h1 class=\"elementor-heading-title elementor-size-default\">CONTRACT<\/h1>\t\t\t\t<\/div>\n\t\t\t\t<\/div>\n\t\t\t\t<div class=\"elementor-element elementor-element-2509da2 elementor-widget elementor-widget-text-editor\" data-id=\"2509da2\" data-element_type=\"widget\" data-widget_type=\"text-editor.default\">\n\t\t\t\t<div class=\"elementor-widget-container\">\n\t\t\t\t\t\t\t\t\t<p>Da es wichtig ist, sich von der Konkurrenz abzuheben, ist es von Vorteil, dass DURITIA BANY S.L. ein nationaler Hersteller sind. Dies erm\u00f6glicht es uns den Hauptbedarf jedes Unternehmens oder Gesch\u00e4fts, sowohl im \u00f6ffentlichen als auch im privaten Bereich zu decken (Kleinunternehmer, Hotels, Restaurants, B\u00fcros, etc\u2026)<\/p><p>Dieses herausstechende Merkmal ist sehr wichtig, wenn es um die Kundenbindung geht. Das hat zu Folge, das gro\u00dfe Unternehmen nicht z\u00f6gern umfangreichere Investitionen zu t\u00e4tigen und Fachpersonal wie uns beauftragen, wenn es darum geht, ihr Image zu erneuern und sich von der Masse abzuheben<\/p>\t\t\t\t\t\t\t\t<\/div>\n\t\t\t\t<\/div>\n\t\t\t\t<div class=\"elementor-element elementor-element-5112850 elementor-widget elementor-widget-image\" data-id=\"5112850\" data-element_type=\"widget\" data-widget_type=\"image.default\">\n\t\t\t\t<div class=\"elementor-widget-container\">\n\t\t\t\t\t\t\t\t\t\t\t\t\t\t\t\t<a href=\"https:\/\/www.duritia.es\/\" target=\"_blank\">\n\t\t\t\t\t\t\t<img decoding=\"async\" src=\"https:\/\/www.luniglass.com\/wp-content\/uploads\/elementor\/thumbs\/LOGO-DURITIA_LUNIGLASS-pagdjrs0oosmjc728dz5z4wukgb71fwv5n3mize6iu.jpg\" title=\"Imprimir\" alt=\"Imprimir\" loading=\"lazy\" \/>\t\t\t\t\t\t\t\t<\/a>\n\t\t\t\t\t\t\t\t\t\t\t\t\t\t\t<\/div>\n\t\t\t\t<\/div>\n\t\t\t\t\t<\/div>\n\t\t<\/div>\n\t\t\t\t\t<\/div>\n\t\t<\/section>\n\t\t\t\t<section class=\"elementor-section elementor-top-section elementor-element elementor-element-401668d elementor-section-boxed elementor-section-height-default elementor-section-height-default\" data-id=\"401668d\" data-element_type=\"section\">\n\t\t\t\t\t\t<div class=\"elementor-container elementor-column-gap-default\">\n\t\t\t\t\t<div class=\"elementor-column elementor-col-100 elementor-top-column elementor-element elementor-element-1ed6dbf\" data-id=\"1ed6dbf\" data-element_type=\"column\">\n\t\t\t<div class=\"elementor-widget-wrap elementor-element-populated\">\n\t\t\t\t\t\t<div class=\"elementor-element elementor-element-f6d81f5 elementor-widget elementor-widget-gallery\" data-id=\"f6d81f5\" data-element_type=\"widget\" data-settings=\"{&quot;gallery_layout&quot;:&quot;justified&quot;,&quot;ideal_row_height&quot;:{&quot;unit&quot;:&quot;px&quot;,&quot;size&quot;:400,&quot;sizes&quot;:[]},&quot;lazyload&quot;:&quot;yes&quot;,&quot;ideal_row_height_tablet&quot;:{&quot;unit&quot;:&quot;px&quot;,&quot;size&quot;:150,&quot;sizes&quot;:[]},&quot;ideal_row_height_mobile&quot;:{&quot;unit&quot;:&quot;px&quot;,&quot;size&quot;:150,&quot;sizes&quot;:[]},&quot;gap&quot;:{&quot;unit&quot;:&quot;px&quot;,&quot;size&quot;:10,&quot;sizes&quot;:[]},&quot;gap_tablet&quot;:{&quot;unit&quot;:&quot;px&quot;,&quot;size&quot;:10,&quot;sizes&quot;:[]},&quot;gap_mobile&quot;:{&quot;unit&quot;:&quot;px&quot;,&quot;size&quot;:10,&quot;sizes&quot;:[]},&quot;link_to&quot;:&quot;file&quot;,&quot;overlay_background&quot;:&quot;yes&quot;,&quot;content_hover_animation&quot;:&quot;fade-in&quot;}\" data-widget_type=\"gallery.default\">\n\t\t\t\t<div class=\"elementor-widget-container\">\n\t\t\t\t\t\t\t<div class=\"elementor-gallery__container\">\n\t\t\t\t\t\t\t<a class=\"e-gallery-item elementor-gallery-item elementor-animated-content\" href=\"https:\/\/www.luniglass.com\/wp-content\/uploads\/2021\/07\/12_InPixio.jpg\" data-elementor-open-lightbox=\"yes\" data-elementor-lightbox-slideshow=\"all-f6d81f5\" data-elementor-lightbox-title=\"12_InPixio\" data-e-action-hash=\"#elementor-action%3Aaction%3Dlightbox%26settings%3DeyJpZCI6MTkxNDMsInVybCI6Imh0dHBzOlwvXC93d3cubHVuaWdsYXNzLmNvbVwvd3AtY29udGVudFwvdXBsb2Fkc1wvMjAyMVwvMDdcLzEyX0luUGl4aW8uanBnIiwic2xpZGVzaG93IjoiYWxsLWY2ZDgxZjUifQ%3D%3D\">\n\t\t\t\t\t<div class=\"e-gallery-image elementor-gallery-item__image\" data-thumbnail=\"https:\/\/www.luniglass.com\/wp-content\/uploads\/2021\/07\/12_InPixio-1024x556.jpg\" data-width=\"800\" data-height=\"434\" alt=\"\" ><\/div>\n\t\t\t\t\t\t\t\t\t\t\t<div class=\"elementor-gallery-item__overlay\"><\/div>\n\t\t\t\t\t\t\t\t\t\t\t\t\t\t<\/a>\n\t\t\t\t\t\t\t<a class=\"e-gallery-item elementor-gallery-item elementor-animated-content\" href=\"https:\/\/www.luniglass.com\/wp-content\/uploads\/2021\/07\/BATHROOM_03.jpg\" data-elementor-open-lightbox=\"yes\" data-elementor-lightbox-slideshow=\"all-f6d81f5\" data-elementor-lightbox-title=\"BATHROOM_03\" data-e-action-hash=\"#elementor-action%3Aaction%3Dlightbox%26settings%3DeyJpZCI6MTkxNDUsInVybCI6Imh0dHBzOlwvXC93d3cubHVuaWdsYXNzLmNvbVwvd3AtY29udGVudFwvdXBsb2Fkc1wvMjAyMVwvMDdcL0JBVEhST09NXzAzLmpwZyIsInNsaWRlc2hvdyI6ImFsbC1mNmQ4MWY1In0%3D\">\n\t\t\t\t\t<div class=\"e-gallery-image elementor-gallery-item__image\" data-thumbnail=\"https:\/\/www.luniglass.com\/wp-content\/uploads\/2021\/07\/BATHROOM_03-1024x651.jpg\" data-width=\"800\" data-height=\"509\" alt=\"\" ><\/div>\n\t\t\t\t\t\t\t\t\t\t\t<div class=\"elementor-gallery-item__overlay\"><\/div>\n\t\t\t\t\t\t\t\t\t\t\t\t\t\t<\/a>\n\t\t\t\t\t\t\t<a class=\"e-gallery-item elementor-gallery-item elementor-animated-content\" href=\"https:\/\/www.luniglass.com\/wp-content\/uploads\/2021\/07\/NOA-MADERA_2.jpg\" data-elementor-open-lightbox=\"yes\" data-elementor-lightbox-slideshow=\"all-f6d81f5\" data-elementor-lightbox-title=\"NOA MADERA_2\" data-e-action-hash=\"#elementor-action%3Aaction%3Dlightbox%26settings%3DeyJpZCI6MTkxNDksInVybCI6Imh0dHBzOlwvXC93d3cubHVuaWdsYXNzLmNvbVwvd3AtY29udGVudFwvdXBsb2Fkc1wvMjAyMVwvMDdcL05PQS1NQURFUkFfMi5qcGciLCJzbGlkZXNob3ciOiJhbGwtZjZkODFmNSJ9\">\n\t\t\t\t\t<div class=\"e-gallery-image elementor-gallery-item__image\" data-thumbnail=\"https:\/\/www.luniglass.com\/wp-content\/uploads\/2021\/07\/NOA-MADERA_2-922x1024.jpg\" data-width=\"800\" data-height=\"889\" alt=\"\" ><\/div>\n\t\t\t\t\t\t\t\t\t\t\t<div class=\"elementor-gallery-item__overlay\"><\/div>\n\t\t\t\t\t\t\t\t\t\t\t\t\t\t<\/a>\n\t\t\t\t\t\t\t<a class=\"e-gallery-item elementor-gallery-item elementor-animated-content\" href=\"https:\/\/www.luniglass.com\/wp-content\/uploads\/2021\/07\/NOA-MADERA_1.jpg\" data-elementor-open-lightbox=\"yes\" data-elementor-lightbox-slideshow=\"all-f6d81f5\" data-elementor-lightbox-title=\"NOA MADERA_1\" data-e-action-hash=\"#elementor-action%3Aaction%3Dlightbox%26settings%3DeyJpZCI6MTkxNDgsInVybCI6Imh0dHBzOlwvXC93d3cubHVuaWdsYXNzLmNvbVwvd3AtY29udGVudFwvdXBsb2Fkc1wvMjAyMVwvMDdcL05PQS1NQURFUkFfMS5qcGciLCJzbGlkZXNob3ciOiJhbGwtZjZkODFmNSJ9\">\n\t\t\t\t\t<div class=\"e-gallery-image elementor-gallery-item__image\" data-thumbnail=\"https:\/\/www.luniglass.com\/wp-content\/uploads\/2021\/07\/NOA-MADERA_1-922x1024.jpg\" data-width=\"800\" data-height=\"889\" alt=\"\" ><\/div>\n\t\t\t\t\t\t\t\t\t\t\t<div class=\"elementor-gallery-item__overlay\"><\/div>\n\t\t\t\t\t\t\t\t\t\t\t\t\t\t<\/a>\n\t\t\t\t\t\t\t<a class=\"e-gallery-item elementor-gallery-item elementor-animated-content\" href=\"https:\/\/www.luniglass.com\/wp-content\/uploads\/2021\/07\/CONTRACT_02-scaled.jpg\" data-elementor-open-lightbox=\"yes\" data-elementor-lightbox-slideshow=\"all-f6d81f5\" data-elementor-lightbox-title=\"CONTRACT_02\" data-e-action-hash=\"#elementor-action%3Aaction%3Dlightbox%26settings%3DeyJpZCI6MTkxNDYsInVybCI6Imh0dHBzOlwvXC93d3cubHVuaWdsYXNzLmNvbVwvd3AtY29udGVudFwvdXBsb2Fkc1wvMjAyMVwvMDdcL0NPTlRSQUNUXzAyLXNjYWxlZC5qcGciLCJzbGlkZXNob3ciOiJhbGwtZjZkODFmNSJ9\">\n\t\t\t\t\t<div class=\"e-gallery-image elementor-gallery-item__image\" data-thumbnail=\"https:\/\/www.luniglass.com\/wp-content\/uploads\/2021\/07\/CONTRACT_02-1022x1024.jpg\" data-width=\"800\" data-height=\"802\" alt=\"\" ><\/div>\n\t\t\t\t\t\t\t\t\t\t\t<div class=\"elementor-gallery-item__overlay\"><\/div>\n\t\t\t\t\t\t\t\t\t\t\t\t\t\t<\/a>\n\t\t\t\t\t<\/div>\n\t\t\t\t\t<\/div>\n\t\t\t\t<\/div>\n\t\t\t\t\t<\/div>\n\t\t<\/div>\n\t\t\t\t\t<\/div>\n\t\t<\/section>\n\t\t\t\t<\/div>\n\t\t","protected":false},"excerpt":{"rendered":"<p>CONTRACT Da es wichtig ist, sich von der Konkurrenz abzuheben, ist es von Vorteil, dass DURITIA BANY S.L. ein nationaler Hersteller sind. Dies erm\u00f6glicht es uns den Hauptbedarf jedes Unternehmens oder Gesch\u00e4fts, sowohl im \u00f6ffentlichen als auch im privaten Bereich zu decken (Kleinunternehmer, Hotels, Restaurants, B\u00fcros, etc\u2026) Dieses herausstechende Merkmal ist sehr wichtig, wenn es [&hellip;]<\/p>\n","protected":false},"author":1,"featured_media":0,"parent":0,"menu_order":0,"comment_status":"closed","ping_status":"closed","template":"","meta":{"footnotes":""},"class_list":["post-20665","page","type-page","status-publish","hentry"],"_links":{"self":[{"href":"https:\/\/www.luniglass.com\/de\/wp-json\/wp\/v2\/pages\/20665","targetHints":{"allow":["GET"]}}],"collection":[{"href":"https:\/\/www.luniglass.com\/de\/wp-json\/wp\/v2\/pages"}],"about":[{"href":"https:\/\/www.luniglass.com\/de\/wp-json\/wp\/v2\/types\/page"}],"author":[{"embeddable":true,"href":"https:\/\/www.luniglass.com\/de\/wp-json\/wp\/v2\/users\/1"}],"replies":[{"embeddable":true,"href":"https:\/\/www.luniglass.com\/de\/wp-json\/wp\/v2\/comments?post=20665"}],"version-history":[{"count":3,"href":"https:\/\/www.luniglass.com\/de\/wp-json\/wp\/v2\/pages\/20665\/revisions"}],"predecessor-version":[{"id":21269,"href":"https:\/\/www.luniglass.com\/de\/wp-json\/wp\/v2\/pages\/20665\/revisions\/21269"}],"wp:attachment":[{"href":"https:\/\/www.luniglass.com\/de\/wp-json\/wp\/v2\/media?parent=20665"}],"curies":[{"name":"wp","href":"https:\/\/api.w.org\/{rel}","templated":true}]}}